{"id":2499,"date":"2021-03-07T10:31:48","date_gmt":"2021-03-07T09:31:48","guid":{"rendered":"https:\/\/www.masvinyoles.org\/extras\/"},"modified":"2021-03-07T10:39:42","modified_gmt":"2021-03-07T09:39:42","slug":"extras","status":"publish","type":"page","link":"https:\/\/www.masvinyoles.org\/nl\/extras\/","title":{"rendered":"Extras"},"content":{"rendered":"<p>[vc_row][vc_column][vc_row_inner css=&#8221;.vc_custom_1587455697424{margin-bottom: 40px !important;}&#8221;][vc_column_inner width=&#8221;5\/6&#8243;][vc_column_text]<strong>Mas Vinyoles bietet verschiedene Extras an, damit Sie ihre Ferientage voll geniessen k\u00f6nnen.<\/strong><\/p>\n<p>Wer die Umgebung auf zwei R\u00e4der erforschen m\u00f6chte kann sich an unseren Fahrr\u00e4dern bedienen.<\/p>\n<p>F\u00fcr diejenigen die ihre Beine lieber zum Laufen benutzen gibt es verschiedene Wanderrouten direkt von der Haust\u00fcre aus.<\/p>\n<p>Falls Sie von weit her kommen und m\u00fcde ankommen gibt es die M\u00f6glichkeit bei mir ein Fr\u00fchst\u00fcck auf Wunsch zu bestellen: so m\u00fcssen Sie am ersten Morgen nicht gleich ins Dorf fahren um einzukaufen. Einfach rechtzeitig melden!<\/p>\n<p>Im Winter ist das Kamin besonders gem\u00fctlich. Meine Kisten mit Brennholz haben Papier und Kleinholz damit es auch gut brennt.<\/p>\n<p>Haben Sie kein eigenes Auto? Wenn Sie kein Auto mieten k\u00f6nnen ich Sie auch am Bahnhof abholen.<\/p>\n<p>Und dann auch noch: Wenn Sie w\u00e4hrend ihres Aufenthaltes einen Putz m\u00f6chten, m\u00fcssen Sie das nur sagen.[\/vc_column_text][\/vc_column_inner][vc_column_inner width=&#8221;1\/6&#8243;][\/vc_column_inner][\/vc_row_inner][\/vc_column][\/vc_row]<\/p>\n","protected":false},"excerpt":{"rendered":"<p>[vc_row][vc_column][vc_row_inner css=&#8221;.vc_custom_1587455697424{margin-bottom: 40px !important;}&#8221;][vc_column_inner width=&#8221;5\/6&#8243;][vc_column_text]Mas Vinyoles bietet verschiedene Extras an, damit Sie ihre Ferientage voll geniessen k\u00f6nnen. Wer die Umgebung auf zwei R\u00e4der erforschen m\u00f6chte kann sich an unseren Fahrr\u00e4dern bedienen. F\u00fcr diejenigen die ihre Beine lieber zum Laufen benutzen gibt es verschiedene Wanderrouten direkt von der Haust\u00fcre aus. Falls Sie von weit her kommen [&hellip;]<\/p>\n","protected":false},"author":1,"featured_media":1805,"parent":0,"menu_order":19,"comment_status":"open","ping_status":"open","template":"","meta":[],"yoast_head":"<!-- This site is optimized with the Yoast SEO plugin v19.13 - https:\/\/yoast.com\/wordpress\/plugins\/seo\/ -->\n<title>Extras | Mas Vinyoles<\/title>\n<meta name=\"robots\" content=\"index, follow, max-snippet:-1, max-image-preview:large, max-video-preview:-1\" \/>\n<link rel=\"canonical\" href=\"https:\/\/www.masvinyoles.org\/nl\/extras\/\" \/>\n<meta property=\"og:locale\" content=\"nl_NL\" \/>\n<meta property=\"og:type\" content=\"article\" \/>\n<meta property=\"og:title\" content=\"Extras | Mas Vinyoles\" \/>\n<meta property=\"og:description\" content=\"[vc_row][vc_column][vc_row_inner css=&#8221;.vc_custom_1587455697424{margin-bottom: 40px !important;}&#8221;][vc_column_inner width=&#8221;5\/6&#8243;][vc_column_text]Mas Vinyoles bietet verschiedene Extras an, damit Sie ihre Ferientage voll geniessen k\u00f6nnen. Wer die Umgebung auf zwei R\u00e4der erforschen m\u00f6chte kann sich an unseren Fahrr\u00e4dern bedienen. F\u00fcr diejenigen die ihre Beine lieber zum Laufen benutzen gibt es verschiedene Wanderrouten direkt von der Haust\u00fcre aus. Falls Sie von weit her kommen [&hellip;]\" \/>\n<meta property=\"og:url\" content=\"https:\/\/www.masvinyoles.org\/nl\/extras\/\" \/>\n<meta property=\"og:site_name\" content=\"Mas Vinyoles\" \/>\n<meta property=\"article:modified_time\" content=\"2021-03-07T09:39:42+00:00\" \/>\n<meta property=\"og:image\" content=\"https:\/\/www.masvinyoles.org\/wp-content\/uploads\/2015\/04\/inici-slider-1200x500px-Gavarres-nuvols-EstudiFGH.jpg\" \/>\n\t<meta property=\"og:image:width\" content=\"1200\" \/>\n\t<meta property=\"og:image:height\" content=\"500\" \/>\n\t<meta property=\"og:image:type\" content=\"image\/jpeg\" \/>\n<meta name=\"twitter:card\" content=\"summary_large_image\" \/>\n<meta name=\"twitter:label1\" content=\"Geschatte leestijd\" \/>\n\t<meta name=\"twitter:data1\" content=\"1 minuut\" \/>\n<script type=\"application\/ld+json\" class=\"yoast-schema-graph\">{\"@context\":\"https:\/\/schema.org\",\"@graph\":[{\"@type\":\"WebPage\",\"@id\":\"https:\/\/www.masvinyoles.org\/nl\/extras\/\",\"url\":\"https:\/\/www.masvinyoles.org\/nl\/extras\/\",\"name\":\"Extras | Mas Vinyoles\",\"isPartOf\":{\"@id\":\"https:\/\/www.masvinyoles.org\/#website\"},\"datePublished\":\"2021-03-07T09:31:48+00:00\",\"dateModified\":\"2021-03-07T09:39:42+00:00\",\"breadcrumb\":{\"@id\":\"https:\/\/www.masvinyoles.org\/nl\/extras\/#breadcrumb\"},\"inLanguage\":\"nl\",\"potentialAction\":[{\"@type\":\"ReadAction\",\"target\":[\"https:\/\/www.masvinyoles.org\/nl\/extras\/\"]}]},{\"@type\":\"BreadcrumbList\",\"@id\":\"https:\/\/www.masvinyoles.org\/nl\/extras\/#breadcrumb\",\"itemListElement\":[{\"@type\":\"ListItem\",\"position\":1,\"name\":\"Inici\",\"item\":\"https:\/\/www.masvinyoles.org\/\"},{\"@type\":\"ListItem\",\"position\":2,\"name\":\"Extras\"}]},{\"@type\":\"WebSite\",\"@id\":\"https:\/\/www.masvinyoles.org\/#website\",\"url\":\"https:\/\/www.masvinyoles.org\/\",\"name\":\"Mas Vinyoles\",\"description\":\"Des l\u00e4ndlichen Tourismus in Sant Mateu de Montnegre, Girona, Catalunya\",\"publisher\":{\"@id\":\"https:\/\/www.masvinyoles.org\/#organization\"},\"potentialAction\":[{\"@type\":\"SearchAction\",\"target\":{\"@type\":\"EntryPoint\",\"urlTemplate\":\"https:\/\/www.masvinyoles.org\/?s={search_term_string}\"},\"query-input\":\"required name=search_term_string\"}],\"inLanguage\":\"nl\"},{\"@type\":\"Organization\",\"@id\":\"https:\/\/www.masvinyoles.org\/#organization\",\"name\":\"Mas Vinyoles\",\"url\":\"https:\/\/www.masvinyoles.org\/\",\"logo\":{\"@type\":\"ImageObject\",\"inLanguage\":\"nl\",\"@id\":\"https:\/\/www.masvinyoles.org\/#\/schema\/logo\/image\/\",\"url\":\"https:\/\/www.masvinyoles.org\/wp-content\/uploads\/2020\/04\/Logo-Mas-Vinyoles-600px.png\",\"contentUrl\":\"https:\/\/www.masvinyoles.org\/wp-content\/uploads\/2020\/04\/Logo-Mas-Vinyoles-600px.png\",\"width\":600,\"height\":600,\"caption\":\"Mas Vinyoles\"},\"image\":{\"@id\":\"https:\/\/www.masvinyoles.org\/#\/schema\/logo\/image\/\"}}]}<\/script>\n<!-- \/ Yoast SEO plugin. -->","yoast_head_json":{"title":"Extras | Mas Vinyoles","robots":{"index":"index","follow":"follow","max-snippet":"max-snippet:-1","max-image-preview":"max-image-preview:large","max-video-preview":"max-video-preview:-1"},"canonical":"https:\/\/www.masvinyoles.org\/nl\/extras\/","og_locale":"nl_NL","og_type":"article","og_title":"Extras | Mas Vinyoles","og_description":"[vc_row][vc_column][vc_row_inner css=&#8221;.vc_custom_1587455697424{margin-bottom: 40px !important;}&#8221;][vc_column_inner width=&#8221;5\/6&#8243;][vc_column_text]Mas Vinyoles bietet verschiedene Extras an, damit Sie ihre Ferientage voll geniessen k\u00f6nnen. Wer die Umgebung auf zwei R\u00e4der erforschen m\u00f6chte kann sich an unseren Fahrr\u00e4dern bedienen. F\u00fcr diejenigen die ihre Beine lieber zum Laufen benutzen gibt es verschiedene Wanderrouten direkt von der Haust\u00fcre aus. Falls Sie von weit her kommen [&hellip;]","og_url":"https:\/\/www.masvinyoles.org\/nl\/extras\/","og_site_name":"Mas Vinyoles","article_modified_time":"2021-03-07T09:39:42+00:00","og_image":[{"width":1200,"height":500,"url":"https:\/\/www.masvinyoles.org\/wp-content\/uploads\/2015\/04\/inici-slider-1200x500px-Gavarres-nuvols-EstudiFGH.jpg","type":"image\/jpeg"}],"twitter_card":"summary_large_image","twitter_misc":{"Geschatte leestijd":"1 minuut"},"schema":{"@context":"https:\/\/schema.org","@graph":[{"@type":"WebPage","@id":"https:\/\/www.masvinyoles.org\/nl\/extras\/","url":"https:\/\/www.masvinyoles.org\/nl\/extras\/","name":"Extras | Mas Vinyoles","isPartOf":{"@id":"https:\/\/www.masvinyoles.org\/#website"},"datePublished":"2021-03-07T09:31:48+00:00","dateModified":"2021-03-07T09:39:42+00:00","breadcrumb":{"@id":"https:\/\/www.masvinyoles.org\/nl\/extras\/#breadcrumb"},"inLanguage":"nl","potentialAction":[{"@type":"ReadAction","target":["https:\/\/www.masvinyoles.org\/nl\/extras\/"]}]},{"@type":"BreadcrumbList","@id":"https:\/\/www.masvinyoles.org\/nl\/extras\/#breadcrumb","itemListElement":[{"@type":"ListItem","position":1,"name":"Inici","item":"https:\/\/www.masvinyoles.org\/"},{"@type":"ListItem","position":2,"name":"Extras"}]},{"@type":"WebSite","@id":"https:\/\/www.masvinyoles.org\/#website","url":"https:\/\/www.masvinyoles.org\/","name":"Mas Vinyoles","description":"Des l\u00e4ndlichen Tourismus in Sant Mateu de Montnegre, Girona, Catalunya","publisher":{"@id":"https:\/\/www.masvinyoles.org\/#organization"},"potentialAction":[{"@type":"SearchAction","target":{"@type":"EntryPoint","urlTemplate":"https:\/\/www.masvinyoles.org\/?s={search_term_string}"},"query-input":"required name=search_term_string"}],"inLanguage":"nl"},{"@type":"Organization","@id":"https:\/\/www.masvinyoles.org\/#organization","name":"Mas Vinyoles","url":"https:\/\/www.masvinyoles.org\/","logo":{"@type":"ImageObject","inLanguage":"nl","@id":"https:\/\/www.masvinyoles.org\/#\/schema\/logo\/image\/","url":"https:\/\/www.masvinyoles.org\/wp-content\/uploads\/2020\/04\/Logo-Mas-Vinyoles-600px.png","contentUrl":"https:\/\/www.masvinyoles.org\/wp-content\/uploads\/2020\/04\/Logo-Mas-Vinyoles-600px.png","width":600,"height":600,"caption":"Mas Vinyoles"},"image":{"@id":"https:\/\/www.masvinyoles.org\/#\/schema\/logo\/image\/"}}]}},"_links":{"self":[{"href":"https:\/\/www.masvinyoles.org\/nl\/wp-json\/wp\/v2\/pages\/2499"}],"collection":[{"href":"https:\/\/www.masvinyoles.org\/nl\/wp-json\/wp\/v2\/pages"}],"about":[{"href":"https:\/\/www.masvinyoles.org\/nl\/wp-json\/wp\/v2\/types\/page"}],"author":[{"embeddable":true,"href":"https:\/\/www.masvinyoles.org\/nl\/wp-json\/wp\/v2\/users\/1"}],"replies":[{"embeddable":true,"href":"https:\/\/www.masvinyoles.org\/nl\/wp-json\/wp\/v2\/comments?post=2499"}],"version-history":[{"count":3,"href":"https:\/\/www.masvinyoles.org\/nl\/wp-json\/wp\/v2\/pages\/2499\/revisions"}],"predecessor-version":[{"id":2510,"href":"https:\/\/www.masvinyoles.org\/nl\/wp-json\/wp\/v2\/pages\/2499\/revisions\/2510"}],"wp:featuredmedia":[{"embeddable":true,"href":"https:\/\/www.masvinyoles.org\/nl\/wp-json\/wp\/v2\/media\/1805"}],"wp:attachment":[{"href":"https:\/\/www.masvinyoles.org\/nl\/wp-json\/wp\/v2\/media?parent=2499"}],"curies":[{"name":"wp","href":"https:\/\/api.w.org\/{rel}","templated":true}]}}