{"id":2029,"date":"2015-04-21T16:14:58","date_gmt":"2015-04-21T14:14:58","guid":{"rendered":"http:\/\/masvinyoles.org\/?page_id=2029"},"modified":"2022-01-22T11:04:56","modified_gmt":"2022-01-22T10:04:56","slug":"entorn","status":"publish","type":"page","link":"https:\/\/www.masvinyoles.org\/es\/entorn\/","title":{"rendered":"El Entorno"},"content":{"rendered":"<p>[vc_row][vc_column][vc_tta_accordion style=\u00bbflat\u00bb shape=\u00bbsquare\u00bb color=\u00bbviolet\u00bb gap=\u00bb20&#8243; active_section=\u00bb1&#8243; no_fill=\u00bbtrue\u00bb collapsible_all=\u00bbtrue\u00bb][vc_tta_section title=\u00bbEl entorno de la casa\u00bb tab_id=\u00bbentorn\u00bb][vc_row_inner][vc_column_inner][vc_column_text]No es necesario alejarse de la casa para e<strong>ncontrarse en plena naturaleza, explorar descubrir y aprender al aire libre<\/strong>, con el huerto, el bosque y los animales que rodean Mas Vinyoles.[\/vc_column_text][vc_gallery type=\u00bbnivo\u00bb interval=\u00bb5&#8243; images=\u00bb1382,1538,1426,1366,1442,1466,1813,1418,1438,1434,1446,1398&#8243; img_size=\u00bbfull\u00bb][\/vc_column_inner][\/vc_row_inner][\/vc_tta_section][vc_tta_section title=\u00bbEl jard\u00edn y la piscina\u00bb tab_id=\u00bbjardi\u00bb][vc_row_inner][vc_column_inner][vc_column_text]Dispon\u00e9is de un <strong>espacio acogedor y tranquilo para disfrutar<\/strong> de un buen desayuno para empezar el d\u00eda.\u00a0La <strong>terraza<\/strong> es un lugar ideal para dejar pasar pl\u00e1cidamente el tiempo.\u00a0Y cuando el calor aprieta, podr\u00e9is <strong>refrescaros en la piscina<\/strong>.\u00a0Los alrededores esconden caminos para pasear y saborear la<strong> naturaleza.<\/strong>[\/vc_column_text][vc_gallery type=\u00bbnivo\u00bb interval=\u00bb5&#8243; images=\u00bb1534,1374,1824,1414,1370,1819,1394&#8243; img_size=\u00bbfull\u00bb][\/vc_column_inner][\/vc_row_inner][\/vc_tta_section][vc_tta_section title=\u00bbEn el coraz\u00f3n de les Gavarres\u00bb tab_id=\u00bbgavarres\u00bb][vc_row_inner][vc_column_inner][vc_column_text]La <strong>sierra Les Gavarres<\/strong>, situado en el extremo septentrional de la Serralada Litoral Catalana y a caballo de las comarcas del Baix Empord\u00e0 y el Giron\u00e9s, ofrece un extenso paisaje forestal, cerca de 350 km cuadrados repartidos en una veintena de municipios.<\/p>\n<p>El conjunto del macizo conserva <strong>importantes recursos forestales<\/strong>, como una de las mejores muestras de alcornoques y pinares del pa\u00eds, y una <strong>excelente reserva de flora y fauna del mediterr\u00e1neo con algunas especies singulares.<\/strong><\/p>\n<p>En 1992 28.740 Ha de Les Gavarres fueron incluidos en el plan <strong>Espacios de Inter\u00e9s Natural (PEIN)<\/strong> para poder preservar sus valores culturales, sociales y paisaj\u00edsticos.[\/vc_column_text][vc_gallery type=\u00bbnivo\u00bb interval=\u00bb5&#8243; images=\u00bb1458,1808,1454,1622,1630,1550,1462&#8243; img_size=\u00bbfull\u00bb][\/vc_column_inner][\/vc_row_inner][\/vc_tta_section][vc_tta_section title=\u00bbActividades y lugares pr\u00f3ximos\u00bb tab_id=\u00bbactivitats\u00bb][vc_row_inner][vc_column_inner][vc_column_text]<strong>La Costa Brava<\/strong> comienza en la desembocadura del r\u00edo Tordera (Blanes) y termina en la frontera con Francia, con m\u00e1s de 200 km de costa. El t\u00e9rmino Costa Brava, fue publicado inicialmente en la <em>La Voz de Catalu\u00f1a<\/em> el 12 de septiembre de 1908 por Ferr\u00e1n Agull\u00f3. se refiere a su paisaje agreste, lleno de rocas. En esta costa se encuentran las <strong>Islas Medas<\/strong> donde se pueden hacer diversas actividades l\u00fadicas. Los <strong>Aiguamolls de l\u2019Empord\u00e0<\/strong> es una visita imprescindible para los fan\u00e1ticos de la ornitolog\u00eda,<\/p>\n<p><strong>Girona<\/strong> es una ciudad con un barrio jud\u00edo muy recomendable de visitar, ideal para pasear por las casas del Onyar, la catedral y otros lugares emblem\u00e1ticos. A m\u00e1s distancia encontramos <strong>Figueres<\/strong>, con el <strong>Museo Dal\u00ed<\/strong> como punto referente.[\/vc_column_text][vc_media_grid element_width=\u00bb3&#8243; item=\u00bb2025&#8243; filter_size=\u00bbmd\u00bb include=\u00bb1578,1610,1614,1594,1586,1606,1554,1582,1558,1570,1566,1590,1602,1562,1598,1618&#8243; grid_id=\u00bbvc_gid:1642844718945-eaf7612e-b16a-10&#8243;][\/vc_column_inner][\/vc_row_inner][\/vc_tta_section][\/vc_tta_accordion][\/vc_column][\/vc_row]<\/p>\n","protected":false},"excerpt":{"rendered":"<p>[vc_row][vc_column][vc_tta_accordion style=\u00bbflat\u00bb shape=\u00bbsquare\u00bb color=\u00bbviolet\u00bb gap=\u00bb20&#8243; active_section=\u00bb1&#8243; no_fill=\u00bbtrue\u00bb collapsible_all=\u00bbtrue\u00bb][vc_tta_section title=\u00bbEl entorno de la casa\u00bb tab_id=\u00bbentorn\u00bb][vc_row_inner][vc_column_inner][vc_column_text]No es necesario alejarse de la casa para encontrarse en plena naturaleza, explorar descubrir y aprender al aire libre, con el huerto, el bosque y los animales que rodean Mas Vinyoles.[\/vc_column_text][vc_gallery type=\u00bbnivo\u00bb interval=\u00bb5&#8243; images=\u00bb1382,1538,1426,1366,1442,1466,1813,1418,1438,1434,1446,1398&#8243; img_size=\u00bbfull\u00bb][\/vc_column_inner][\/vc_row_inner][\/vc_tta_section][vc_tta_section title=\u00bbEl jard\u00edn y la piscina\u00bb tab_id=\u00bbjardi\u00bb][vc_row_inner][vc_column_inner][vc_column_text]Dispon\u00e9is de [&hellip;]<\/p>\n","protected":false},"author":1,"featured_media":1458,"parent":0,"menu_order":17,"comment_status":"open","ping_status":"open","template":"","meta":[],"yoast_head":"<!-- This site is optimized with the Yoast SEO plugin v19.13 - https:\/\/yoast.com\/wordpress\/plugins\/seo\/ -->\n<title>El Entorno | Mas Vinyoles<\/title>\n<meta name=\"robots\" content=\"index, follow, max-snippet:-1, max-image-preview:large, max-video-preview:-1\" \/>\n<link rel=\"canonical\" href=\"https:\/\/www.masvinyoles.org\/entorn\/\" \/>\n<meta property=\"og:locale\" content=\"es_ES\" \/>\n<meta property=\"og:type\" content=\"article\" \/>\n<meta property=\"og:title\" content=\"El Entorno | Mas Vinyoles\" \/>\n<meta property=\"og:description\" content=\"[vc_row][vc_column][vc_tta_accordion style=\u00bbflat\u00bb shape=\u00bbsquare\u00bb color=\u00bbviolet\u00bb gap=\u00bb20&#8243; active_section=\u00bb1&#8243; no_fill=\u00bbtrue\u00bb collapsible_all=\u00bbtrue\u00bb][vc_tta_section title=\u00bbEl entorno de la casa\u00bb tab_id=\u00bbentorn\u00bb][vc_row_inner][vc_column_inner][vc_column_text]No es necesario alejarse de la casa para encontrarse en plena naturaleza, explorar descubrir y aprender al aire libre, con el huerto, el bosque y los animales que rodean Mas Vinyoles.[\/vc_column_text][vc_gallery type=\u00bbnivo\u00bb interval=\u00bb5&#8243; images=\u00bb1382,1538,1426,1366,1442,1466,1813,1418,1438,1434,1446,1398&#8243; img_size=\u00bbfull\u00bb][\/vc_column_inner][\/vc_row_inner][\/vc_tta_section][vc_tta_section title=\u00bbEl jard\u00edn y la piscina\u00bb tab_id=\u00bbjardi\u00bb][vc_row_inner][vc_column_inner][vc_column_text]Dispon\u00e9is de [&hellip;]\" \/>\n<meta property=\"og:url\" content=\"https:\/\/www.masvinyoles.org\/entorn\/\" \/>\n<meta property=\"og:site_name\" content=\"Mas Vinyoles\" \/>\n<meta property=\"article:modified_time\" content=\"2022-01-22T10:04:56+00:00\" \/>\n<meta property=\"og:image\" content=\"https:\/\/www.masvinyoles.org\/wp-content\/uploads\/2015\/04\/inici-slider-1200x500px_0002_20-alcornoque.jpg\" \/>\n\t<meta property=\"og:image:width\" content=\"1200\" \/>\n\t<meta property=\"og:image:height\" content=\"500\" \/>\n\t<meta property=\"og:image:type\" content=\"image\/jpeg\" \/>\n<meta name=\"twitter:card\" content=\"summary_large_image\" \/>\n<meta name=\"twitter:label1\" content=\"Tiempo de lectura\" \/>\n\t<meta name=\"twitter:data1\" content=\"3 minutos\" \/>\n<script type=\"application\/ld+json\" class=\"yoast-schema-graph\">{\"@context\":\"https:\/\/schema.org\",\"@graph\":[{\"@type\":\"WebPage\",\"@id\":\"https:\/\/www.masvinyoles.org\/entorn\/\",\"url\":\"https:\/\/www.masvinyoles.org\/entorn\/\",\"name\":\"El Entorno | Mas Vinyoles\",\"isPartOf\":{\"@id\":\"https:\/\/www.masvinyoles.org\/#website\"},\"datePublished\":\"2015-04-21T14:14:58+00:00\",\"dateModified\":\"2022-01-22T10:04:56+00:00\",\"breadcrumb\":{\"@id\":\"https:\/\/www.masvinyoles.org\/entorn\/#breadcrumb\"},\"inLanguage\":\"es\",\"potentialAction\":[{\"@type\":\"ReadAction\",\"target\":[\"https:\/\/www.masvinyoles.org\/entorn\/\"]}]},{\"@type\":\"BreadcrumbList\",\"@id\":\"https:\/\/www.masvinyoles.org\/entorn\/#breadcrumb\",\"itemListElement\":[{\"@type\":\"ListItem\",\"position\":1,\"name\":\"Inici\",\"item\":\"https:\/\/www.masvinyoles.org\/\"},{\"@type\":\"ListItem\",\"position\":2,\"name\":\"El Entorno\"}]},{\"@type\":\"WebSite\",\"@id\":\"https:\/\/www.masvinyoles.org\/#website\",\"url\":\"https:\/\/www.masvinyoles.org\/\",\"name\":\"Mas Vinyoles\",\"description\":\"Turismo Rural en Sant Mateu de Montnegre, Girona, Catalunya\",\"publisher\":{\"@id\":\"https:\/\/www.masvinyoles.org\/#organization\"},\"potentialAction\":[{\"@type\":\"SearchAction\",\"target\":{\"@type\":\"EntryPoint\",\"urlTemplate\":\"https:\/\/www.masvinyoles.org\/?s={search_term_string}\"},\"query-input\":\"required name=search_term_string\"}],\"inLanguage\":\"es\"},{\"@type\":\"Organization\",\"@id\":\"https:\/\/www.masvinyoles.org\/#organization\",\"name\":\"Mas Vinyoles\",\"url\":\"https:\/\/www.masvinyoles.org\/\",\"logo\":{\"@type\":\"ImageObject\",\"inLanguage\":\"es\",\"@id\":\"https:\/\/www.masvinyoles.org\/#\/schema\/logo\/image\/\",\"url\":\"https:\/\/www.masvinyoles.org\/wp-content\/uploads\/2020\/04\/Logo-Mas-Vinyoles-600px.png\",\"contentUrl\":\"https:\/\/www.masvinyoles.org\/wp-content\/uploads\/2020\/04\/Logo-Mas-Vinyoles-600px.png\",\"width\":600,\"height\":600,\"caption\":\"Mas Vinyoles\"},\"image\":{\"@id\":\"https:\/\/www.masvinyoles.org\/#\/schema\/logo\/image\/\"}}]}<\/script>\n<!-- \/ Yoast SEO plugin. -->","yoast_head_json":{"title":"El Entorno | Mas Vinyoles","robots":{"index":"index","follow":"follow","max-snippet":"max-snippet:-1","max-image-preview":"max-image-preview:large","max-video-preview":"max-video-preview:-1"},"canonical":"https:\/\/www.masvinyoles.org\/entorn\/","og_locale":"es_ES","og_type":"article","og_title":"El Entorno | Mas Vinyoles","og_description":"[vc_row][vc_column][vc_tta_accordion style=\u00bbflat\u00bb shape=\u00bbsquare\u00bb color=\u00bbviolet\u00bb gap=\u00bb20&#8243; active_section=\u00bb1&#8243; no_fill=\u00bbtrue\u00bb collapsible_all=\u00bbtrue\u00bb][vc_tta_section title=\u00bbEl entorno de la casa\u00bb tab_id=\u00bbentorn\u00bb][vc_row_inner][vc_column_inner][vc_column_text]No es necesario alejarse de la casa para encontrarse en plena naturaleza, explorar descubrir y aprender al aire libre, con el huerto, el bosque y los animales que rodean Mas Vinyoles.[\/vc_column_text][vc_gallery type=\u00bbnivo\u00bb interval=\u00bb5&#8243; images=\u00bb1382,1538,1426,1366,1442,1466,1813,1418,1438,1434,1446,1398&#8243; img_size=\u00bbfull\u00bb][\/vc_column_inner][\/vc_row_inner][\/vc_tta_section][vc_tta_section title=\u00bbEl jard\u00edn y la piscina\u00bb tab_id=\u00bbjardi\u00bb][vc_row_inner][vc_column_inner][vc_column_text]Dispon\u00e9is de [&hellip;]","og_url":"https:\/\/www.masvinyoles.org\/entorn\/","og_site_name":"Mas Vinyoles","article_modified_time":"2022-01-22T10:04:56+00:00","og_image":[{"width":1200,"height":500,"url":"https:\/\/www.masvinyoles.org\/wp-content\/uploads\/2015\/04\/inici-slider-1200x500px_0002_20-alcornoque.jpg","type":"image\/jpeg"}],"twitter_card":"summary_large_image","twitter_misc":{"Tiempo de lectura":"3 minutos"},"schema":{"@context":"https:\/\/schema.org","@graph":[{"@type":"WebPage","@id":"https:\/\/www.masvinyoles.org\/entorn\/","url":"https:\/\/www.masvinyoles.org\/entorn\/","name":"El Entorno | Mas Vinyoles","isPartOf":{"@id":"https:\/\/www.masvinyoles.org\/#website"},"datePublished":"2015-04-21T14:14:58+00:00","dateModified":"2022-01-22T10:04:56+00:00","breadcrumb":{"@id":"https:\/\/www.masvinyoles.org\/entorn\/#breadcrumb"},"inLanguage":"es","potentialAction":[{"@type":"ReadAction","target":["https:\/\/www.masvinyoles.org\/entorn\/"]}]},{"@type":"BreadcrumbList","@id":"https:\/\/www.masvinyoles.org\/entorn\/#breadcrumb","itemListElement":[{"@type":"ListItem","position":1,"name":"Inici","item":"https:\/\/www.masvinyoles.org\/"},{"@type":"ListItem","position":2,"name":"El Entorno"}]},{"@type":"WebSite","@id":"https:\/\/www.masvinyoles.org\/#website","url":"https:\/\/www.masvinyoles.org\/","name":"Mas Vinyoles","description":"Turismo Rural en Sant Mateu de Montnegre, Girona, Catalunya","publisher":{"@id":"https:\/\/www.masvinyoles.org\/#organization"},"potentialAction":[{"@type":"SearchAction","target":{"@type":"EntryPoint","urlTemplate":"https:\/\/www.masvinyoles.org\/?s={search_term_string}"},"query-input":"required name=search_term_string"}],"inLanguage":"es"},{"@type":"Organization","@id":"https:\/\/www.masvinyoles.org\/#organization","name":"Mas Vinyoles","url":"https:\/\/www.masvinyoles.org\/","logo":{"@type":"ImageObject","inLanguage":"es","@id":"https:\/\/www.masvinyoles.org\/#\/schema\/logo\/image\/","url":"https:\/\/www.masvinyoles.org\/wp-content\/uploads\/2020\/04\/Logo-Mas-Vinyoles-600px.png","contentUrl":"https:\/\/www.masvinyoles.org\/wp-content\/uploads\/2020\/04\/Logo-Mas-Vinyoles-600px.png","width":600,"height":600,"caption":"Mas Vinyoles"},"image":{"@id":"https:\/\/www.masvinyoles.org\/#\/schema\/logo\/image\/"}}]}},"_links":{"self":[{"href":"https:\/\/www.masvinyoles.org\/es\/wp-json\/wp\/v2\/pages\/2029"}],"collection":[{"href":"https:\/\/www.masvinyoles.org\/es\/wp-json\/wp\/v2\/pages"}],"about":[{"href":"https:\/\/www.masvinyoles.org\/es\/wp-json\/wp\/v2\/types\/page"}],"author":[{"embeddable":true,"href":"https:\/\/www.masvinyoles.org\/es\/wp-json\/wp\/v2\/users\/1"}],"replies":[{"embeddable":true,"href":"https:\/\/www.masvinyoles.org\/es\/wp-json\/wp\/v2\/comments?post=2029"}],"version-history":[{"count":13,"href":"https:\/\/www.masvinyoles.org\/es\/wp-json\/wp\/v2\/pages\/2029\/revisions"}],"predecessor-version":[{"id":2604,"href":"https:\/\/www.masvinyoles.org\/es\/wp-json\/wp\/v2\/pages\/2029\/revisions\/2604"}],"wp:featuredmedia":[{"embeddable":true,"href":"https:\/\/www.masvinyoles.org\/es\/wp-json\/wp\/v2\/media\/1458"}],"wp:attachment":[{"href":"https:\/\/www.masvinyoles.org\/es\/wp-json\/wp\/v2\/media?parent=2029"}],"curies":[{"name":"wp","href":"https:\/\/api.w.org\/{rel}","templated":true}]}}